{"id":608,"date":"2021-01-28T16:49:30","date_gmt":"2021-01-28T15:49:30","guid":{"rendered":"http:\/\/redesign.seaside-productions.de\/?page_id=608"},"modified":"2021-02-05T17:38:55","modified_gmt":"2021-02-05T16:38:55","slug":"agbs","status":"publish","type":"page","link":"https:\/\/www.seaside-productions.de\/en\/agbs\/","title":{"rendered":"terms and conditions"},"content":{"rendered":"<p><strong>Allgemeine Gesch\u00e4ftsbedingungen von seaside productions GmbH<\/strong><br \/>Stand: 1.4.2008<\/p>\n<p><a href=\"https:\/\/www.seaside-productions.de\/wp-content\/uploads\/2021\/02\/AGBs_seaside_productions_GmbH.pdf\" target=\"_blank\" rel=\"noopener\"><strong>AGBs als PDF<\/strong><\/a><\/p>\n<p><strong>1. Geltungsbereich<\/strong><br \/>Die Leistungen der seaside productions GmbH (nachfolgend \u201eseaside productions\u201c) erfolgen ausschlie\u00dflich auf Grundlage der nachfolgenden Allgemeinen Gesch\u00e4ftsbedingungen (nachfolgend \u201eAGB\u201c) und sind Bestandteil aller Vertragsverh\u00e4ltnisse und damit im Zusammenhang stehender Rechtsgesch\u00e4fte zwischen der seaside productions und ihren Vertragspartnern (nachfolgend \u201eKunden\u201c). Mit der Annahme des Leistungsangebots der seaside productions durch den Kunden, sp\u00e4testens jedoch mit der Entgegennahme der Leistungen der seaside productions gelten diese AGB als angenommen. Anders lautende Gesch\u00e4ftsbedingungen des Kunden werden nicht anerkannt, es sei denn, deren Geltung wurde ausdr\u00fccklich und schriftlich zugestimmt. Abweichenden Gesch\u00e4ftsbedingungen des Kunden wird hiermit ausdr\u00fccklich widersprochen. \u00c4nderungen dieser AGB werden im Internet (www.seaside-productions.de) bekannt gegeben und dem Kunden auf Wunsch zugesendet. Sie gelten als genehmigt, wenn der Kunde nicht innerhalb eines Monats nach Bekanntgabe schriftlich Widerspruch gegen\u00fcber der seaside productions erhebt.<br \/><strong><br \/>2. Vertragsschluss<\/strong><br \/>Ein Vertrag kommt mit firmenm\u00e4\u00dfiger Annahme (m\u00fcndlich oder schriftlich) des Angebots der seaside productions durch den Kunden zustande. Soweit in den Angeboten der seaside productions Angaben \u00fcber technische Leistungsmerkmale enthalten sind, stellen diese nur ungef\u00e4hre Werte und keine Beschaffenheitsvereinbarung dar, soweit diese nicht ausdr\u00fccklich als verbindlich bezeichnet werden. Fertigstellungstermine sind nur dann verbindlich, soweit sie ausdr\u00fccklich und schriftlich vereinbart sind.<\/p>\n<p><strong>3. Mitwirkungspflichten des Kunden<\/strong><br \/>Der Kunde wird erforderliche Mitwirkungsleistungen rechtzeitig erbringen. F\u00fcr Verlust oder Besch\u00e4digung von Gegenst\u00e4nden, die dem Kunden geh\u00f6ren oder von diesem mitgebracht werden, haftet seaside productions nur nach Ma\u00dfgabe von Ziffer 10 dieser AGB. seaside productions ist nicht verpflichtet, eine Versicherung f\u00fcr die, von dem Kunden eingebrachten Gegenst\u00e4nde abzuschlie\u00dfen.<\/p>\n<p><strong>4. Pflichten des Kunden bei Studio-\/Ger\u00e4t\u00fcberlassung<\/strong><br \/>Hat das Vertragsverh\u00e4ltnis die zeitweise \u00dcberlassung von R\u00e4umlichkeiten (insbesondere Studios) und\/oder technischem Ger\u00e4t zum Gegenstand, verpflichtet sich der Kunde, die ihm \u00fcberlassene Mietsache pfleglich zu behandeln und nach Ende der Mietzeit termingerecht und im gleichen Zustand an seaside productions zur\u00fcckzugeben, wie sie zu Beginn der Vermietung an den Kunden \u00fcbergeben worden ist. Die Kosten f\u00fcr die Herstellung des urspr\u00fcnglichen Zustandes hat der Kunde zu tragen. Die Mietsache darf nur f\u00fcr den vertragsgem\u00e4\u00dfen Gebrauch verwendet werden. Die Mietsache darf vom Kunden nicht weitervermietet oder Dritten \u00fcberlassen werden.<\/p>\n<p><strong>5. Unternehmerpfandrecht<\/strong><br \/>Alle von der seaside Poductions nach Ma\u00dfgabe des jeweiligen Vertrages f\u00fcr den Kunden angefertigten Werke, insbesondere Sendeb\u00e4nder unterliegen bis zur Erf\u00fcllung s\u00e4mtlicher Anspr\u00fcche der seaside productions aus der Gesch\u00e4ftsbeziehung mit dem Kunden dem Unternehmerpfandrecht der seaside productions, soweit sie sich im Besitz der seaside productions befinden.<\/p>\n<p><strong>6. Abnahme<\/strong><br \/>Der Kunde ist zur Abnahme des ordnungsgem\u00e4\u00df hergestellten Werkes verpflichtet. Die Abnahme erfolgt durch r\u00fcgeloses Entgegennehmen des Werkes. Die Abnahme gilt als erteilt, wenn der Kunde das Werk nicht binnen 2 Werktagen nach \u00dcbergabe als mangelhaft oder vertragswidrig r\u00fcgt. Die R\u00fcge muss schriftlich oder in Textform erfolgen. Unerhebliche M\u00e4ngel berechtigen den Kunden nicht, die Abnahme des Werkes zu verweigern.<\/p>\n<p><strong>7. Verg\u00fctung<\/strong><br \/>Die, von dem Kunden f\u00fcr die Leistungen der seaside productions geschuldete Verg\u00fctung ergibt sich aus dem, von dem Kunden angenommenen Vertragsangebot (nachfolgend \u201eVertrag\u201c) ggf. in Verbindung mit der bei Vertragsschluss g\u00fcltigen Preisliste. Die Preise sind freibleibend; bei \u00c4nderung der Kostenlage, insbesondere Schwankungen der Materialpreise beh\u00e4lt sich seaside productions vor, Preis\u00e4nderungen vorzunehmen. Der Kunde kann sich nicht auf Preise in vorangehenden oder nachfolgenden Angeboten berufen. Rechnungen der seaside productions sind vom Kunden sofort zu pr\u00fcfen und etwaige Fehler unverz\u00fcglich und schriftlich zu r\u00fcgen. S\u00e4mtliche, in den Angeboten und Preislisten ausgewiesenen Betr\u00e4ge verstehen sich rein netto zzgl. der gesetzlichen Umsatzsteuer.<\/p>\n<p><strong>8. Zahlungsbedingungen <\/strong><br \/>Sofern sich aus dem Angebot nichts anderes ergibt, sind Rechnungen durch \u00dcberweisung binnen 14 Tagen nach Abnahme des Werkes ohne jeden Abzug auszugleichen. Der Abzug von Skonto bedarf besonderer schriftlicher Vereinbarung. Kommt der Kunde in Verzug, ist er verpflichtet, Verzugszinsen in H\u00f6he von 10% \u00fcber den Basiszinssatz in Bezug auf die offenstehende Forderung zus\u00e4tzlich zu dieser an seaside productions zu zahlen. Individualvertraglich k\u00f6nnen die Parteien eine hiervon abweichende Regelung treffen. Wechsel oder Schecks werden nur erf\u00fcllungshalber entgegengenommen und gelten erst ab Einl\u00f6sung und Begleichung aller Nebenkosten als Zahlung. seaside productions beh\u00e4lt sich vor, die Zahlungserf\u00fcllung durch Wechsel oder Schecks abzulehnen. Ein Leistungsverweigerungsrecht oder Zur\u00fcckbehaltungsrecht seitens des Kunden ist ausgeschlossen, es sei denn, der Anspruch, auf den das Leistungsverweigerungsrecht gest\u00fctzt wird, ist rechtskr\u00e4ftig, unbestritten oder von der seaside productions schriftlich anerkannt. Eine Aufrechnung durch den Kunden ist ausgeschlossen, es sei denn die Gegenforderung ist rechtskr\u00e4ftig, unbestritten oder von der seaside productions schriftlich anerkannt.<\/p>\n<p><strong>9. Gew\u00e4hrleistung<\/strong><br \/>Die Gew\u00e4hrleistung f\u00fcr M\u00e4ngel ist nach Wahl von seaside productions beschr\u00e4nkt auf Nachbesserung oder Nacherf\u00fcllung. Soweit die Nachbesserung fehlschl\u00e4gt und\/oder eine Nacherf\u00fcllung nicht m\u00f6glich oder wirtschaftlich nicht sinnvoll ist, ist der Kunde berechtigt, die Verg\u00fctung zu mindern oder vom Vertrag ganz oder teilweise zur\u00fcckzutreten. Weitere Gew\u00e4hrleistungsanspr\u00fcche sind ausgeschlossen. \u00a7 639 BGB bleibt hiervon unber\u00fchrt. Die Gew\u00e4hrleistungsfrist beginnt mit Abnahme und dauert zwei Jahre.<\/p>\n<p><strong>10. Haftung des Kunden<\/strong><br \/>Der Kunde haftet f\u00fcr alle, auch fahrl\u00e4ssige Sach- und Personensch\u00e4den, welche seaside productions oder Arbeitnehmern bzw. Beauftragten der seaside productions oder Dritten im Zusammenhang mit Ma\u00dfnahmen oder Unterlassungen des Kunden, seiner Erf\u00fcllungs- oder Verrichtungsgehilfen, die sich aus Anlass der T\u00e4tigkeit des Kunden in den R\u00e4umen der seaside productions aufhalten, erleiden.<\/p>\n<p><strong>11. Haftung von seaside productions<\/strong><br \/>seaside productions haftet unbeschr\u00e4nkt bei Vorsatz und soweit aufgrund von Pflichtverletzungen durch seaside productions die Gesundheit, der K\u00f6rper oder das Leben von Menschen verletzt worden sind. Dar\u00fcber hinaus haftet seaside productions unbeschr\u00e4nkt f\u00fcr Anspr\u00fcche nach dem Produkthaftungsgesetz. F\u00fcr grob fahrl\u00e4ssige Pflichtverletzungen sowie die Verletzung wesentlicher Vertragspflichten (sog. \u201eKardinalpflichtverletzung\u201c) haftet seaside productions begrenzt auf die Auftragssumme und mit der Einschr\u00e4nkung, dass die Haftung auf den vorhersehbaren, typischerweise eintretenden Schaden begrenzt ist. F\u00fcr Mangelfolgesch\u00e4den und mittelbare Sch\u00e4den, f\u00fcr entgangenen Gewinn, Produktionsausfall, Nutzungsausfall, Gutachterkosten u. \u00e4. haftet seaside productions nur bei grob fahr\u00acl\u00e4ssig verursachten Kardinalpflichtverletzungen und dann nur bis zur H\u00f6he der Auftragssumme und des vorherseh\u00acbaren, typischerweise eintretenden Schadens. In allen \u00fcbrigen F\u00e4llen ist eine Haftung von seaside productions ausgeschlossen.<\/p>\n<p><strong>12. H\u00f6here Gewalt<\/strong><br \/>seaside productions \u00fcbernimmt keine Haftung bei Diebstahl, Verlust oder Abhandenkommen von zur Bearbeitung \u00fcberlassenen Film- oder Bandmaterialien, es sei denn, dass das Film-\/Bandmaterial der seaside productions in Verwahrung gegeben wurde. Eine Verwahrungsabrede bedarf der schriftlichen Vereinbarung. Liefer- und Leistungsverz\u00f6gerungen aufgrund h\u00f6herer Gewalt oder aufgrund unvorhersehbarer Ereignisse, die der seaside productions die geschuldete Leistung wesentlich erschweren oder unm\u00f6glich machen, wie Materialbeschaffungsschwierigkeiten, Betriebsst\u00f6rungen, Arbeitsk\u00e4mpfe, beh\u00f6rdliche Anforderungen und sonstige vergleichbare unvorhergesehene F\u00e4lle, hat seaside productions auch bei verbindlich vereinbarten Fristen und Terminen nicht zu vertreten. Sie berechtigen seaside productions, die Leistung um die Dauer der Behinderung hinauszuschieben. Verz\u00f6gert sich die Leistung aufgrund der Behinderung unangemessen lang, k\u00f6nnen beide Parteien wegen des noch nicht erf\u00fcllten Teils des Vertrages ganz oder teilweise vom Vertrag zur\u00fccktreten.<\/p>\n<p><strong>13. Referenz<\/strong><br \/>seaside productions ist berechtigt, den Kunden als Referenz zu benennen und den Produktionsauftrag ganz oder in Teilen auf seiner Website zu ver\u00f6ffentlichen.<br \/><strong><br \/>14. Schlussbestimmungen<\/strong><br \/>Die Allgemeinen Gesch\u00e4ftsbedingungen gelten in ihrer jeweils aktuellen Version. \u00c4nderungen und Erg\u00e4nzungen des Vertrages sowie Nebenabreden bed\u00fcrfen der Schriftform. Sollte eine Bestimmung des Vertrages oder der Allgemeinen Gesch\u00e4ftsbedingungen unwirksam sein oder werden oder unvollst\u00e4ndig sein, so wird der Vertrag in seinem \u00fcbrigen Inhalt hiervon nicht ber\u00fchrt. Es gilt das Recht der Bundesrepublik Deutschland. Erf\u00fcllungsort ist M\u00fcnchen. Gerichtsstand ist, soweit rechtlich zul\u00e4ssig, M\u00fcnchen.<\/p>\n\n\n<p><\/p>","protected":false},"excerpt":{"rendered":"<p>Allgemeine Gesch\u00e4ftsbedingungen von seaside productions GmbHStand: 1.4.2008 AGBs als PDF 1. GeltungsbereichDie Leistungen der seaside productions GmbH (nachfolgend \u201eseaside productions\u201c) erfolgen ausschlie\u00dflich auf Grundlage der nachfolgenden Allgemeinen Gesch\u00e4ftsbedingungen (nachfolgend \u201eAGB\u201c)&#8230;<\/p>","protected":false},"author":2,"featured_media":0,"parent":0,"menu_order":10,"comment_status":"closed","ping_status":"closed","template":"","meta":{"footnotes":""},"class_list":["post-608","page","type-page","status-publish"],"yoast_head":"<!-- This site is optimized with the Yoast SEO plugin v20.1 - https:\/\/yoast.com\/wordpress\/plugins\/seo\/ -->\n<title>AGBs - seaside productions<\/title>\n<meta name=\"robots\" content=\"index, follow, max-snippet:-1, max-image-preview:large, max-video-preview:-1\" \/>\n<link rel=\"canonical\" href=\"https:\/\/www.seaside-productions.de\/en\/agbs\/\" \/>\n<meta property=\"og:locale\" content=\"en_GB\" \/>\n<meta property=\"og:type\" content=\"article\" \/>\n<meta property=\"og:title\" content=\"AGBs - seaside productions\" \/>\n<meta property=\"og:description\" content=\"Allgemeine Gesch\u00e4ftsbedingungen von seaside productions GmbHStand: 1.4.2008 AGBs als PDF 1. GeltungsbereichDie Leistungen der seaside productions GmbH (nachfolgend \u201eseaside productions\u201c) erfolgen ausschlie\u00dflich auf Grundlage der nachfolgenden Allgemeinen Gesch\u00e4ftsbedingungen (nachfolgend \u201eAGB\u201c)...\" \/>\n<meta property=\"og:url\" content=\"https:\/\/www.seaside-productions.de\/en\/agbs\/\" \/>\n<meta property=\"og:site_name\" content=\"seaside productions\" \/>\n<meta property=\"article:modified_time\" content=\"2021-02-05T16:38:55+00:00\" \/>\n<meta name=\"twitter:card\" content=\"summary_large_image\" \/>\n<meta name=\"twitter:label1\" content=\"Est. reading time\" \/>\n\t<meta name=\"twitter:data1\" content=\"6 minutes\" \/>\n<script type=\"application\/ld+json\" class=\"yoast-schema-graph\">{\"@context\":\"https:\/\/schema.org\",\"@graph\":[{\"@type\":\"WebPage\",\"@id\":\"https:\/\/www.seaside-productions.de\/agbs\/\",\"url\":\"https:\/\/www.seaside-productions.de\/agbs\/\",\"name\":\"AGBs - seaside productions\",\"isPartOf\":{\"@id\":\"https:\/\/www.seaside-productions.de\/#website\"},\"datePublished\":\"2021-01-28T15:49:30+00:00\",\"dateModified\":\"2021-02-05T16:38:55+00:00\",\"breadcrumb\":{\"@id\":\"https:\/\/www.seaside-productions.de\/agbs\/#breadcrumb\"},\"inLanguage\":\"en-GB\",\"potentialAction\":[{\"@type\":\"ReadAction\",\"target\":[\"https:\/\/www.seaside-productions.de\/agbs\/\"]}]},{\"@type\":\"BreadcrumbList\",\"@id\":\"https:\/\/www.seaside-productions.de\/agbs\/#breadcrumb\",\"itemListElement\":[{\"@type\":\"ListItem\",\"position\":1,\"name\":\"Startseite\",\"item\":\"https:\/\/www.seaside-productions.de\/\"},{\"@type\":\"ListItem\",\"position\":2,\"name\":\"AGBs\"}]},{\"@type\":\"WebSite\",\"@id\":\"https:\/\/www.seaside-productions.de\/#website\",\"url\":\"https:\/\/www.seaside-productions.de\/\",\"name\":\"seaside productions\",\"description\":\"Filmproduktion, Werbespots, Imagefilme, Trailer, Erkl\u00e4rfilme, MotionDesign, TV Spots\",\"potentialAction\":[{\"@type\":\"SearchAction\",\"target\":{\"@type\":\"EntryPoint\",\"urlTemplate\":\"https:\/\/www.seaside-productions.de\/?s={search_term_string}\"},\"query-input\":\"required name=search_term_string\"}],\"inLanguage\":\"en-GB\"}]}<\/script>\n<!-- \/ Yoast SEO plugin. -->","yoast_head_json":{"title":"AGBs - seaside productions","robots":{"index":"index","follow":"follow","max-snippet":"max-snippet:-1","max-image-preview":"max-image-preview:large","max-video-preview":"max-video-preview:-1"},"canonical":"https:\/\/www.seaside-productions.de\/en\/agbs\/","og_locale":"en_GB","og_type":"article","og_title":"AGBs - seaside productions","og_description":"Allgemeine Gesch\u00e4ftsbedingungen von seaside productions GmbHStand: 1.4.2008 AGBs als PDF 1. GeltungsbereichDie Leistungen der seaside productions GmbH (nachfolgend \u201eseaside productions\u201c) erfolgen ausschlie\u00dflich auf Grundlage der nachfolgenden Allgemeinen Gesch\u00e4ftsbedingungen (nachfolgend \u201eAGB\u201c)...","og_url":"https:\/\/www.seaside-productions.de\/en\/agbs\/","og_site_name":"seaside productions","article_modified_time":"2021-02-05T16:38:55+00:00","twitter_card":"summary_large_image","twitter_misc":{"Est. reading time":"6 minutes"},"schema":{"@context":"https:\/\/schema.org","@graph":[{"@type":"WebPage","@id":"https:\/\/www.seaside-productions.de\/agbs\/","url":"https:\/\/www.seaside-productions.de\/agbs\/","name":"AGBs - seaside productions","isPartOf":{"@id":"https:\/\/www.seaside-productions.de\/#website"},"datePublished":"2021-01-28T15:49:30+00:00","dateModified":"2021-02-05T16:38:55+00:00","breadcrumb":{"@id":"https:\/\/www.seaside-productions.de\/agbs\/#breadcrumb"},"inLanguage":"en-GB","potentialAction":[{"@type":"ReadAction","target":["https:\/\/www.seaside-productions.de\/agbs\/"]}]},{"@type":"BreadcrumbList","@id":"https:\/\/www.seaside-productions.de\/agbs\/#breadcrumb","itemListElement":[{"@type":"ListItem","position":1,"name":"Startseite","item":"https:\/\/www.seaside-productions.de\/"},{"@type":"ListItem","position":2,"name":"AGBs"}]},{"@type":"WebSite","@id":"https:\/\/www.seaside-productions.de\/#website","url":"https:\/\/www.seaside-productions.de\/","name":"seaside productions","description":"Filmproduktion, Werbespots, Imagefilme, Trailer, Erkl\u00e4rfilme, MotionDesign, TV Spots","potentialAction":[{"@type":"SearchAction","target":{"@type":"EntryPoint","urlTemplate":"https:\/\/www.seaside-productions.de\/?s={search_term_string}"},"query-input":"required name=search_term_string"}],"inLanguage":"en-GB"}]}},"_links":{"self":[{"href":"https:\/\/www.seaside-productions.de\/en\/wp-json\/wp\/v2\/pages\/608","targetHints":{"allow":["GET"]}}],"collection":[{"href":"https:\/\/www.seaside-productions.de\/en\/wp-json\/wp\/v2\/pages"}],"about":[{"href":"https:\/\/www.seaside-productions.de\/en\/wp-json\/wp\/v2\/types\/page"}],"author":[{"embeddable":true,"href":"https:\/\/www.seaside-productions.de\/en\/wp-json\/wp\/v2\/users\/2"}],"replies":[{"embeddable":true,"href":"https:\/\/www.seaside-productions.de\/en\/wp-json\/wp\/v2\/comments?post=608"}],"version-history":[{"count":5,"href":"https:\/\/www.seaside-productions.de\/en\/wp-json\/wp\/v2\/pages\/608\/revisions"}],"predecessor-version":[{"id":1043,"href":"https:\/\/www.seaside-productions.de\/en\/wp-json\/wp\/v2\/pages\/608\/revisions\/1043"}],"wp:attachment":[{"href":"https:\/\/www.seaside-productions.de\/en\/wp-json\/wp\/v2\/media?parent=608"}],"curies":[{"name":"wp","href":"https:\/\/api.w.org\/{rel}","templated":true}]}}